{"id":28,"date":"2015-05-25T14:59:21","date_gmt":"2015-05-25T12:59:21","guid":{"rendered":"http:\/\/netzwerkwerk.de\/web\/?page_id=28"},"modified":"2021-11-19T02:43:49","modified_gmt":"2021-11-19T01:43:49","slug":"wir-ueber-uns","status":"publish","type":"page","link":"https:\/\/netzwerkwerk.de\/web\/wir-ueber-uns\/","title":{"rendered":"Wir \u00fcber uns"},"content":{"rendered":"<h4>Der Name &#8222;netzwerkwerk&#8220;<\/h4>\n<p>Der Name netzwerkwerk verk\u00f6rpert die Individualit\u00e4t von Handgemachtem mit der Kompetenz die f\u00fcr Netzwerke und ihre Office IT notwendig ist. Wir verkaufen Ihnen keine L\u00f6sungen von der Stange. Jedes Angebot ist Individuell auf Ihre Bed\u00fcrfnisse zugeschintten und enth\u00e4lt nur Dinge, die Sie ben\u00f6tigen. Alle Extras werden in den Angeboten auch als solche deklariert, sodass Sie selbst entscheiden k\u00f6nnen, ob Sie nur die Kunst oder auch die K\u00fcr haben m\u00f6chten.<\/p>\n<h4>Woher kommt die Marke &#8222;netzwerkwerk&#8220;<\/h4>\n<p>Die Marke &#8222;netzwerkwerk&#8220; ist aus der WABID GmbH entstanden. Die WABID GmbH ist unter dem Namen &#8222;Arens IT-Service&#8220; bereits \u00fcber 10 Jahre am Markt und besch\u00e4ftigte sich bisher haupts\u00e4chlich mit B\u00fcrodienstleistungen. Durch die Gr\u00fcndung\u00a0der WABID GmbH mit dem Gesellschafter Sven Puschmann kam an dieser Stelle noch die Kompetenz f\u00fcr professionelle und kosteng\u00fcnstige Netzwerke und Office IT dazu. Um das neue Gesch\u00e4ftsfeld etwas von den B\u00fcrodienstleistungen abzugrenzen, wurde die Marke netzwerkwerk ins Leben gerufen. Unter dieser Marke werden alle von der WABID GmbH angebotenen Dienstleistungen im Bereich Netzwerke und Office IT vermarktet.<\/p>\n<h4>Wer steckt hinter &#8222;netzwerkwerk&#8220;<\/h4>\n<p>Die Marke &#8222;netzwerkwerk&#8220; wird gef\u00fchrt von Sven Puschmann, dieser ist seit 2006 gelernter Fachinformatiker f\u00fcr Systemintegration und hat seitdem mehrj\u00e4hrige consulting Erfahrung im Business-to-Business Umfeld und Carrierbereich sammeln k\u00f6nnen. Durch seine langj\u00e4hrige T\u00e4tigkeit bei einem der\u00a0 gr\u00f6\u00dften Regionalcarrier Deutschlands konnte er viele Erfahrungen im Bereich Enterprise Netzwerke und WAN Anbindung sammeln. Dar\u00fcber hinaus besitzt er mehrere Mikrotik Zertifikate (MTCNA, MTCWE, MTCUME) und kann mit fundiertem Wissen \u00fcber Cisco Ger\u00e4te aufwarten. In den letzten Jahren konnte er sehr viele Erfahrungen im Bereich High-Security und SCADA-Netzwerken und deren Betrieb sowie konzeptionierung sammeln.<\/p>\n<p>Zum 01.01.2021 ist die WABID GmbH komplett in die netzwerkwerk e.K. \u00fcber gegangen.<\/p>\n<p><center><img loading=\"lazy\" decoding=\"async\" class=\"alignnone size-full wp-image-121\" src=\"https:\/\/netzwerkwerk.de\/web\/wp-content\/uploads\/2015\/05\/mtcume.png\" alt=\"mtcume\" width=\"172\" height=\"88\" \/> <img loading=\"lazy\" decoding=\"async\" class=\"alignnone size-full wp-image-120\" src=\"https:\/\/netzwerkwerk.de\/web\/wp-content\/uploads\/2015\/05\/mtcna.png\" alt=\"mtcna\" width=\"172\" height=\"88\" \/> <img loading=\"lazy\" decoding=\"async\" class=\"alignnone size-full wp-image-122\" src=\"https:\/\/netzwerkwerk.de\/web\/wp-content\/uploads\/2015\/05\/mtcwe.png\" alt=\"mtcwe\" width=\"172\" height=\"88\" \/><\/center><\/p>\n","protected":false},"excerpt":{"rendered":"<p>Der Name &#8222;netzwerkwerk&#8220; Der Name netzwerkwerk verk\u00f6rpert die Individualit\u00e4t von Handgemachtem mit der Kompetenz die f\u00fcr Netzwerke und ihre Office IT notwendig ist. Wir verkaufen Ihnen keine L\u00f6sungen von der Stange. Jedes Angebot ist Individuell auf Ihre Bed\u00fcrfnisse zugeschintten und enth\u00e4lt nur Dinge, die Sie ben\u00f6tigen. Alle Extras werden in den Angeboten auch als solche [&hellip;]<\/p>\n","protected":false},"author":2,"featured_media":0,"parent":0,"menu_order":0,"comment_status":"open","ping_status":"closed","template":"","meta":{"footnotes":""},"class_list":["post-28","page","type-page","status-publish","czr-hentry"],"_links":{"self":[{"href":"https:\/\/netzwerkwerk.de\/web\/wp-json\/wp\/v2\/pages\/28","targetHints":{"allow":["GET"]}}],"collection":[{"href":"https:\/\/netzwerkwerk.de\/web\/wp-json\/wp\/v2\/pages"}],"about":[{"href":"https:\/\/netzwerkwerk.de\/web\/wp-json\/wp\/v2\/types\/page"}],"author":[{"embeddable":true,"href":"https:\/\/netzwerkwerk.de\/web\/wp-json\/wp\/v2\/users\/2"}],"replies":[{"embeddable":true,"href":"https:\/\/netzwerkwerk.de\/web\/wp-json\/wp\/v2\/comments?post=28"}],"version-history":[{"count":9,"href":"https:\/\/netzwerkwerk.de\/web\/wp-json\/wp\/v2\/pages\/28\/revisions"}],"predecessor-version":[{"id":159,"href":"https:\/\/netzwerkwerk.de\/web\/wp-json\/wp\/v2\/pages\/28\/revisions\/159"}],"wp:attachment":[{"href":"https:\/\/netzwerkwerk.de\/web\/wp-json\/wp\/v2\/media?parent=28"}],"curies":[{"name":"wp","href":"https:\/\/api.w.org\/{rel}","templated":true}]}}