{"id":18,"date":"2015-05-25T14:54:36","date_gmt":"2015-05-25T12:54:36","guid":{"rendered":"http:\/\/netzwerkwerk.de\/web\/?page_id=18"},"modified":"2015-06-09T19:08:26","modified_gmt":"2015-06-09T17:08:26","slug":"sicherheit","status":"publish","type":"page","link":"https:\/\/netzwerkwerk.de\/web\/sicherheit\/","title":{"rendered":"Sicherheit"},"content":{"rendered":"<p>Sicherheit ist in heutigen Tagen das wichtigste in Ihrem Unternehmen. In Zeiten von Hackerangriffen, Industriespionage und Datendiebstahl im gro\u00dfen Stil helfen wir Ihnen dabei Ihre Daten effizient und kosteng\u00fcnstig zu sch\u00fctzen.<\/p>\n<p>Stellen Sie sich vor Ihre Kundendaten fallen in die falschen H\u00e4nde, weil sie nicht ausreichend gesch\u00fctzt waren. Das ist f\u00fcr die meisten Unternehmen ein gro\u00dfer Verlust, ganz zu schweigen vom Imageschaden f\u00fcr Ihr Unternehmen.<\/p>\n<p>Wir bieten Ihnen im Bereich Sicherheit unter anderem folgende Leistungen an:<br \/>\n&#8211; Optimierte Firewalls um Ihr Netzwerk zu sch\u00fctzen<br \/>\n&#8211; Beratung zu Themen wie Antivirus, Antispam und Social Engineering*<br \/>\n&#8211; \u00dcberwachung Ihrer Infrastruktur um Angriffe fr\u00fchzeitig zu erkennen<br \/>\nund vieles mehr&#8230;<\/p>\n<p>*Social Engineering bezeichnet eine neue Technik zum Aussp\u00e4hen von Daten \u00fcber die Mitarbeiter. Dies kann durch einen liegen gelassenen USB Stick, durch personalisierte E-Mails oder sogar QR Codes passieren.<\/p>\n<p>Wir beraten Sie gerne zu diesem Thema bei einem pers\u00f6nlichen Gespr\u00e4ch, scheuen Sie sich nicht und nehmen Sie Kontakt zu uns auf. Denn die Sicherheit Ihrer Daten liegt uns am Herzen.<\/p>\n","protected":false},"excerpt":{"rendered":"<p>Sicherheit ist in heutigen Tagen das wichtigste in Ihrem Unternehmen. In Zeiten von Hackerangriffen, Industriespionage und Datendiebstahl im gro\u00dfen Stil helfen wir Ihnen dabei Ihre Daten effizient und kosteng\u00fcnstig zu sch\u00fctzen. Stellen Sie sich vor Ihre Kundendaten fallen in die falschen H\u00e4nde, weil sie nicht ausreichend gesch\u00fctzt waren. Das ist f\u00fcr die meisten Unternehmen ein [&hellip;]<\/p>\n","protected":false},"author":2,"featured_media":19,"parent":0,"menu_order":0,"comment_status":"open","ping_status":"closed","template":"","meta":{"footnotes":""},"class_list":["post-18","page","type-page","status-publish","has-post-thumbnail","czr-hentry"],"_links":{"self":[{"href":"https:\/\/netzwerkwerk.de\/web\/wp-json\/wp\/v2\/pages\/18","targetHints":{"allow":["GET"]}}],"collection":[{"href":"https:\/\/netzwerkwerk.de\/web\/wp-json\/wp\/v2\/pages"}],"about":[{"href":"https:\/\/netzwerkwerk.de\/web\/wp-json\/wp\/v2\/types\/page"}],"author":[{"embeddable":true,"href":"https:\/\/netzwerkwerk.de\/web\/wp-json\/wp\/v2\/users\/2"}],"replies":[{"embeddable":true,"href":"https:\/\/netzwerkwerk.de\/web\/wp-json\/wp\/v2\/comments?post=18"}],"version-history":[{"count":4,"href":"https:\/\/netzwerkwerk.de\/web\/wp-json\/wp\/v2\/pages\/18\/revisions"}],"predecessor-version":[{"id":68,"href":"https:\/\/netzwerkwerk.de\/web\/wp-json\/wp\/v2\/pages\/18\/revisions\/68"}],"wp:featuredmedia":[{"embeddable":true,"href":"https:\/\/netzwerkwerk.de\/web\/wp-json\/wp\/v2\/media\/19"}],"wp:attachment":[{"href":"https:\/\/netzwerkwerk.de\/web\/wp-json\/wp\/v2\/media?parent=18"}],"curies":[{"name":"wp","href":"https:\/\/api.w.org\/{rel}","templated":true}]}}