{"id":12,"date":"2015-05-25T14:52:20","date_gmt":"2015-05-25T12:52:20","guid":{"rendered":"http:\/\/netzwerkwerk.de\/web\/?page_id=12"},"modified":"2015-06-10T12:05:20","modified_gmt":"2015-06-10T10:05:20","slug":"computer","status":"publish","type":"page","link":"https:\/\/netzwerkwerk.de\/web\/computer\/","title":{"rendered":"Computer"},"content":{"rendered":"<p>Egal ob Server, Desktop, Tablet oder Smartphone, die heutige Computerwelt ist sehr vielf\u00e4ltig und bietet schier unendliche M\u00f6glichkeiten der Nutzung.<\/p>\n<p>Durch eine moderne IT Infrastruktur bleibt ihr Unternehmen am Puls der Zeit. Denken Sie hierbei nicht an staubige graue Kisten die viel Krach machen und nicht so funktionieren wie Sie das gerne h\u00e4tten. Denken Sie an unsichtbare PC&#8217;s die hinter ihrem Bildschirm stehen, denken Sie an leistungsf\u00e4hige PC&#8217;s die Sie nicht mit unn\u00f6tigen Ger\u00e4uschen bel\u00e4stigen.<\/p>\n<p>Ben\u00f6tigen Sie Cloud Dienste wirklich? M\u00f6chten Sie Ihre Daten wirklich einem US Unternehmen anvertrauen, welches im Zweifel mit Ihren Daten handelt? Wenn ja, gibt es auch in Europa gehostete Alternativen, die in Sachen Funktionsumfang ihren US Kollegen in nichts nachstehen.<\/p>\n<p>Zusammengefasst sind Ihre Anforderungen letztendlich nur in einem pers\u00f6nlichen Gespr\u00e4ch zu ermitteln und genau hier beginnt unsere Dienstleitung.<\/p>\n<p>Unsere L\u00f6sungen f\u00fcr Ihre Office IT umfassen:<br \/>\n&#8211; Aufbau, Installation und Wartung Ihrer PCs und Drucker<br \/>\n&#8211; Ausbau Ihrer Infrastruktur zum Beispiel durch einen Netzwerkspeicher f\u00fcr Ihre Daten<br \/>\nund vieles mehr&#8230;<\/p>\n<p>Nehmen Sie Kontakt mit uns auf und lassen Sie sich ein pers\u00f6nliches Angebot erstellen.<\/p>\n","protected":false},"excerpt":{"rendered":"<p>Egal ob Server, Desktop, Tablet oder Smartphone, die heutige Computerwelt ist sehr vielf\u00e4ltig und bietet schier unendliche M\u00f6glichkeiten der Nutzung. Durch eine moderne IT Infrastruktur bleibt ihr Unternehmen am Puls der Zeit. Denken Sie hierbei nicht an staubige graue Kisten die viel Krach machen und nicht so funktionieren wie Sie das gerne h\u00e4tten. Denken Sie [&hellip;]<\/p>\n","protected":false},"author":2,"featured_media":14,"parent":0,"menu_order":0,"comment_status":"open","ping_status":"closed","template":"","meta":{"footnotes":""},"class_list":["post-12","page","type-page","status-publish","has-post-thumbnail","czr-hentry"],"_links":{"self":[{"href":"https:\/\/netzwerkwerk.de\/web\/wp-json\/wp\/v2\/pages\/12","targetHints":{"allow":["GET"]}}],"collection":[{"href":"https:\/\/netzwerkwerk.de\/web\/wp-json\/wp\/v2\/pages"}],"about":[{"href":"https:\/\/netzwerkwerk.de\/web\/wp-json\/wp\/v2\/types\/page"}],"author":[{"embeddable":true,"href":"https:\/\/netzwerkwerk.de\/web\/wp-json\/wp\/v2\/users\/2"}],"replies":[{"embeddable":true,"href":"https:\/\/netzwerkwerk.de\/web\/wp-json\/wp\/v2\/comments?post=12"}],"version-history":[{"count":5,"href":"https:\/\/netzwerkwerk.de\/web\/wp-json\/wp\/v2\/pages\/12\/revisions"}],"predecessor-version":[{"id":92,"href":"https:\/\/netzwerkwerk.de\/web\/wp-json\/wp\/v2\/pages\/12\/revisions\/92"}],"wp:featuredmedia":[{"embeddable":true,"href":"https:\/\/netzwerkwerk.de\/web\/wp-json\/wp\/v2\/media\/14"}],"wp:attachment":[{"href":"https:\/\/netzwerkwerk.de\/web\/wp-json\/wp\/v2\/media?parent=12"}],"curies":[{"name":"wp","href":"https:\/\/api.w.org\/{rel}","templated":true}]}}